{"id":378,"date":"2020-03-15T08:43:00","date_gmt":"2020-03-15T07:43:00","guid":{"rendered":"https:\/\/anniehack.de\/startseite-neu\/?page_id=378"},"modified":"2023-12-30T06:00:20","modified_gmt":"2023-12-30T05:00:20","slug":"impressum-2","status":"publish","type":"page","link":"https:\/\/anniehack.de\/startseite-neu\/impressum-2\/","title":{"rendered":"Impressum"},"content":{"rendered":"\n<p>Angaben gem\u00e4\u00df \u00a7 5 TMG<\/p>\n\n\n\n<p>Anne Hack<\/p>\n\n\n\n<p>Heilpraktikterin beschr\u00e4nkt auf das Gebiet der Psychotherapie<\/p>\n\n\n\n<p>Zehentweg 5<\/p>\n\n\n\n<p>86399 Bobingen<br><\/p>\n\n\n\n<p>Kontakt<\/p>\n\n\n\n<p>Zehentweg 5<\/p>\n\n\n\n<p>86343 Bobingen<\/p>\n\n\n\n<p>Telefon: 01575- 33 16 208<\/p>\n\n\n\n<p>E-Mail: <a href=\"mailto:praxis@anniehack.de\">praxis@anniehack.de<\/a><br><\/p>\n\n\n\n<h4>Inhaltlich verantwortlich i.S.d. \u00a7 18 Abs. 2 MStV<\/h4>\n\n\n\n<p>Anne Hack<\/p>\n\n\n\n<p>Zulassende Beh\u00f6rde:<\/p>\n\n\n\n<p>Gesundheitsamt des Landratsamtes Augsburg, nach \u00a7 1 des Gesetzes \u00fcber die berufsm\u00e4\u00dfige Aus\u00fcbung&nbsp; der Heilkunde ohne Bestallung<\/p>\n\n\n\n<p>(Heilpraktikergesetz) vom 17. Februar 1939 (RGBL. I Seite 251; BGBL. III 2122-2), in der zuzeit geltenden Fassung<\/p>\n\n\n\n<p>Zust\u00e4ndige Aufsichtsbeh\u00f6rde:<\/p>\n\n\n\n<p>Landratamt Augsburg<\/p>\n\n\n\n<p>Prinzregentenplatz 4 <\/p>\n\n\n\n<p>86150 Augsburg<\/p>\n\n\n\n<p>Gesetzliche Berufsbezeichnung:<\/p>\n\n\n\n<p>Heilpraktiker beschr\u00e4nkt auf das Gebiet der Psychotherapie (verliehen in der Bundesrepublik Deutschland)<\/p>\n\n\n\n<p>Erlaubnis\n zur berufsm\u00e4\u00dfigen Aus\u00fcbung der Heilkunde, beschr\u00e4nkt auf das Gebiet der\n Psychotherapie, nach dem Heilpraktikergesetz \u00fcber die berufsm\u00e4\u00dfige \nAus\u00fcbung der Heilkunde ohne Bestallung (RGBl. I S. 251).<\/p>\n\n\n\n<p>Berufsrechtliche Regelungen:<\/p>\n\n\n\n<p>Gesetz\n \u00fcber die berufsm\u00e4\u00dfige Aus\u00fcbung der Heilkunde ohne \u00e4rztliche Bestallung \n(Heilpraktikergesetz) und Durchf\u00fchrungsverordnung. Nachzulesen im Internet unter:<\/p>\n\n\n\n<p><a href=\"http:\/\/www.gesetze-im-internet.de\/heilprg\/index.html\">http:\/\/www.gesetze-im-internet.de\/heilpr&nbsp;&nbsp;<\/a> <a href=\"http:\/\/www.gesetze-im-internet.de\/heilprgdv_1\/index.html\">http:\/\/www.gesetze-im-internet.de\/heilprgdv_1\/index.html<\/a><\/p>\n\n\n\n<p>Berufsordnung:<\/p>\n\n\n\n<p>Es gilt die Berufsordnung des Verbandes Freier Psychotherapeuten, Heilpraktiker f\u00fcr Psychotherapie<\/p>\n\n\n\n<p>und Psychologischer Berater f\u00fcr seine psychotherapeutisch t\u00e4tigen Mitglieder:<\/p>\n\n\n\n<figure class=\"wp-block-embed\"><div class=\"wp-block-embed__wrapper\">\nhttps:\/\/www.vfp.de\/images\/stories\/psy-vfp\/downloads\/berufsordnung-1-und-2.pdf\n<\/div><\/figure>\n\n\n\n<p>Steuerrechtliche Regelung:<\/p>\n\n\n\n<p>Steuernummer 102 \/ 224 \/ 10261<\/p>\n\n\n\n<p>Heilkundliche T\u00e4tigkeit ist von der Umsatzsteuer nach gem\u00e4\u00df \u00a7 4 Nr.14 UStG befreit<\/p>\n\n\n\n<p>Streitschlichtung<br><\/p>\n\n\n\n<p>Die Europ\u00e4ische Kommission stellt eine Plattform zur Online-Streitbeilegung (OS) bereit:<\/p>\n\n\n\n<figure class=\"wp-block-embed\"><div class=\"wp-block-embed__wrapper\">\nhttps:\/\/ec.europa.eu\/consumers\/odr.\n<\/div><\/figure>\n\n\n\n<p>Unsere\n E-Mail-Adresse finden Sie oben im Impressum. Wir sind nicht bereit oder\n verpflichtet, an Streitbeilegungsverfahren vor einer<br>Verbraucherschlichtungsstelle teilzunehmen.<br><\/p>\n\n\n\n<p>Haftung f\u00fcr Inhalte<br>Als\n Diensteanbieter sind wir gem\u00e4\u00df \u00a7 7 Abs.1 TMG f\u00fcr eigene Inhalte auf \ndiesen Seiten nach den allgemeinen Gesetzen verantwortlich. Nach \u00a7\u00a7 8 \nbis 10 TMG sind wir als Diensteanbieter jedoch nicht verpflichtet, \n\u00fcbermittelte oder gespeicherte fremde Informationen zu \u00fcberwachen oder \nnach Umst\u00e4nden zu<br>forschen, die auf eine rechtswidrige T\u00e4tigkeit hinweisen.<br>Verpflichtungen\n zur Entfernung oder Sperrung der Nutzung von Informationen nach den \nallgemeinen Gesetzen bleiben hiervon unber\u00fchrt. Eine diesbez\u00fcgliche \nHaftung ist jedoch erst ab dem Zeitpunkt der Kenntnis einer konkreten \nRechtsverletzung m\u00f6glich. Bei Bekanntwerden von entsprechenden<br>Rechtsverletzungen werden wir diese Inhalte umgehend entfernen.<br><\/p>\n\n\n\n<p>Haftung f\u00fcr Links<br>Unser Angebot enth\u00e4lt Links zu externen Websites Dritter, auf deren Inhalte wir keinen Einfluss haben.<br>Deshalb k\u00f6nnen wir f\u00fcr diese fremden Inhalte auch keine Gew\u00e4hr \u00fcbernehmen. F\u00fcr die Inhalte der verlinkten\n Seiten ist stets der jeweilige Anbieter oder Betreiber der Seiten \nverantwortlich. Die verlinkten Seiten wurden zum Zeitpunkt der \nVerlinkung auf m\u00f6gliche Rechtsverst\u00f6\u00dfe \u00fcberpr\u00fcft. Rechtswidrige Inhalte<br>waren\n zum Zeitpunkt der Verlinkung nicht erkennbar. Eine permanente \ninhaltliche Kontrolle der verlinkten Seiten ist jedoch ohne konkrete \nAnhaltspunkte einer<br>Rechtsverletzung nicht zumutbar. Bei Bekanntwerden von Rechtsverletzungen werden wir derartige Links umgehend entfernen.<br><\/p>\n\n\n\n<p>Urheberrecht<br>Die durch die Seitenbetreiber erstellten Inhalte und Werke auf diesen Seiten unterliegen dem deutschen Urheberrecht.<br>Die Vervielf\u00e4ltigung, Bearbeitung, Verbreitung und jede Art der Verwertung au\u00dferhalb der Grenzen des Urheberrechtes bed\u00fcrfen<br>der schriftlichen Zustimmung des jeweiligen Autors bzw. Erstellers. Downloads und Kopien dieser Seite sind nur f\u00fcr den privaten,<br>nicht\n kommerziellen Gebrauch gestattet. Soweit die Inhalte auf dieser Seite \nnicht vom Betreiber erstellt wurden, werden die Urheberrechte Dritter \nbeachtet.<br>Insbesondere werden Inhalte Dritter als solche \ngekennzeichnet. Sollten Sie trotzdem auf eine Urheberrechtsverletzung \naufmerksam werden, bitten wir um einen entsprechenden Hinweis. Bei \nBekanntwerden von Rechtsverletzungen werden wir derartige Inhalte \numgehend entfernen.<br><\/p>\n\n\n\n<p>Quelle:<br>eRecht24<\/p>\n","protected":false},"excerpt":{"rendered":"<p>Angaben gem\u00e4\u00df \u00a7 5 TMG Anne Hack Heilpraktikterin beschr\u00e4nkt auf das Gebiet der Psychotherapie Zehentweg 5 86399 Bobingen Kontakt Zehentweg&hellip;<\/p>\n","protected":false},"author":1,"featured_media":0,"parent":0,"menu_order":0,"comment_status":"closed","ping_status":"closed","template":"","meta":[],"_links":{"self":[{"href":"https:\/\/anniehack.de\/startseite-neu\/wp-json\/wp\/v2\/pages\/378"}],"collection":[{"href":"https:\/\/anniehack.de\/startseite-neu\/wp-json\/wp\/v2\/pages"}],"about":[{"href":"https:\/\/anniehack.de\/startseite-neu\/wp-json\/wp\/v2\/types\/page"}],"author":[{"embeddable":true,"href":"https:\/\/anniehack.de\/startseite-neu\/wp-json\/wp\/v2\/users\/1"}],"replies":[{"embeddable":true,"href":"https:\/\/anniehack.de\/startseite-neu\/wp-json\/wp\/v2\/comments?post=378"}],"version-history":[{"count":4,"href":"https:\/\/anniehack.de\/startseite-neu\/wp-json\/wp\/v2\/pages\/378\/revisions"}],"predecessor-version":[{"id":593,"href":"https:\/\/anniehack.de\/startseite-neu\/wp-json\/wp\/v2\/pages\/378\/revisions\/593"}],"wp:attachment":[{"href":"https:\/\/anniehack.de\/startseite-neu\/wp-json\/wp\/v2\/media?parent=378"}],"curies":[{"name":"wp","href":"https:\/\/api.w.org\/{rel}","templated":true}]}}