{"id":450,"date":"2020-12-26T06:59:01","date_gmt":"2020-12-26T05:59:01","guid":{"rendered":"https:\/\/anniehack.de\/startseite-neu\/?page_id=450"},"modified":"2024-02-29T20:18:15","modified_gmt":"2024-02-29T19:18:15","slug":"meine-qualifikationen","status":"publish","type":"page","link":"https:\/\/anniehack.de\/startseite-neu\/meine-qualifikationen\/","title":{"rendered":"Zu meiner Person"},"content":{"rendered":"\n<div class=\"wp-block-media-text alignwide is-stacked-on-mobile is-image-fill\" style=\"grid-template-columns:20% auto\"><figure class=\"wp-block-media-text__media\" style=\"background-image:url(https:\/\/anniehack.de\/wp-content\/uploads\/2023\/12\/AnnieHack_TKPic-2.png);background-position:56.99999999999999% 57.99999999999999%\"><img loading=\"lazy\" width=\"474\" height=\"548\" src=\"https:\/\/anniehack.de\/wp-content\/uploads\/2023\/12\/AnnieHack_TKPic-2.png\" alt=\"\" class=\"wp-image-611 size-full\" srcset=\"https:\/\/anniehack.de\/wp-content\/uploads\/2023\/12\/AnnieHack_TKPic-2.png 474w, https:\/\/anniehack.de\/wp-content\/uploads\/2023\/12\/AnnieHack_TKPic-2-259x300.png 259w\" sizes=\"(max-width: 474px) 100vw, 474px\" \/><\/figure><div class=\"wp-block-media-text__content\">\n<p style=\"font-size:18px\">Meine Motivation anderen in Krisen zu belgeiten entstand aus einer pers\u00f6nlichen Betroffenheit. Ich habe daraus gelernt probleme zu analysieren und neue Wege aus schwierige Verh\u00e4ltnisse zu gehen. Dies erfordert Mut, Entschlossenheit und Vertrauen sich seinen eigenen Schattenseiten zu stellen, und daraus neuen T\u00fcren zu \u00f6ffnen. Diese Erfahrung stelle ich Ihnen gerne zur Verf\u00fcgung.<br><br><em>Sprachkenntnisse: Englisch, Deutsch, Polnisch, Franz\u00f6sisch<\/em><\/p>\n<\/div><\/div>\n\n\n\n<hr class=\"wp-block-separator has-css-opacity is-style-wide\"\/>\n\n\n\n<h2 class=\"has-text-align-center\">Meine Qualifikationen<\/h2>\n\n\n\n<ul class=\"has-medium-font-size\"><li>Intesivlehrgang: Systemisches Coaching, Paracelsus, 11\/2015<\/li><li>Erlaubnis zur berufsm\u00e4\u00dfigen Aus\u00fcbung der Heilkunde ohne Bestallung beschr\u00e4nkt auf das Gebiet der Psychotherapie, erteilt am 14.11.2018 <\/li><li>Fortbildung: Somatic Experiencing\u00ae &#8211; Neue Wege in der Traumatherapie, ISYS, 02\/2019<\/li><li>Systemische Strukturaufstellungen, Syst Institut, 03\/2019<\/li><li>Ausbildung: L\u00f6sungsfokussierte Gespr\u00e4chsf\u00fchrung mit Ansatz von Strukturaufstellungen, SySt Institut, abgeschlossen 12\/2020, akkreditiert PTK Bayern<\/li><li>Weiterbildung &#8222;Systemische Beraterin&#8220;, Systemisches Institut Augsburg, seit 07\/2020, akkreditiert DGSF<\/li><li>Hospitation in Bonding Psychotherapie, 12\/2022 &#8211; 08\/2023<\/li><li>Mini-Fortbildung: &#8222;Arbeit mit fr\u00fch verletzten Klienten und Entwicklungstrauma&#8220;, Dami Charf von Traumaheilung.de, 03\/2023<\/li><li>Basismodule 1 und 2 SEI\u00ae, Fr\u00fche Verletzungen und Entwicklungstrauma erkennen und heilen, Dami Charf, Online, seit 04\/2023<\/li><li>&#8222;Sucht f\u00fcr Anf\u00e4nger &#8211; Alles, was Sie wissen m\u00fcssen&#8220; Auditorium Netzwerk, Verlag f\u00fcr Medien, Manfred Spitzer, 07\/2023<\/li><\/ul>\n\n\n\n<p><\/p>\n\n\n\n<p><\/p>\n","protected":false},"excerpt":{"rendered":"<p>Meine Motivation anderen in Krisen zu belgeiten entstand aus einer pers\u00f6nlichen Betroffenheit. Ich habe daraus gelernt probleme zu analysieren und&hellip;<\/p>\n","protected":false},"author":1,"featured_media":0,"parent":0,"menu_order":0,"comment_status":"closed","ping_status":"closed","template":"","meta":[],"_links":{"self":[{"href":"https:\/\/anniehack.de\/startseite-neu\/wp-json\/wp\/v2\/pages\/450"}],"collection":[{"href":"https:\/\/anniehack.de\/startseite-neu\/wp-json\/wp\/v2\/pages"}],"about":[{"href":"https:\/\/anniehack.de\/startseite-neu\/wp-json\/wp\/v2\/types\/page"}],"author":[{"embeddable":true,"href":"https:\/\/anniehack.de\/startseite-neu\/wp-json\/wp\/v2\/users\/1"}],"replies":[{"embeddable":true,"href":"https:\/\/anniehack.de\/startseite-neu\/wp-json\/wp\/v2\/comments?post=450"}],"version-history":[{"count":20,"href":"https:\/\/anniehack.de\/startseite-neu\/wp-json\/wp\/v2\/pages\/450\/revisions"}],"predecessor-version":[{"id":656,"href":"https:\/\/anniehack.de\/startseite-neu\/wp-json\/wp\/v2\/pages\/450\/revisions\/656"}],"wp:attachment":[{"href":"https:\/\/anniehack.de\/startseite-neu\/wp-json\/wp\/v2\/media?parent=450"}],"curies":[{"name":"wp","href":"https:\/\/api.w.org\/{rel}","templated":true}]}}