{"id":635,"date":"2024-02-29T15:55:53","date_gmt":"2024-02-29T14:55:53","guid":{"rendered":"https:\/\/anniehack.de\/startseite-neu\/?page_id=635"},"modified":"2024-03-31T11:35:04","modified_gmt":"2024-03-31T09:35:04","slug":"selbsthilfegruppen","status":"publish","type":"page","link":"https:\/\/anniehack.de\/startseite-neu\/selbsthilfegruppen\/","title":{"rendered":""},"content":{"rendered":"\n<div class=\"wp-block-cover is-light\" style=\"min-height:207px\"><span aria-hidden=\"true\" class=\"wp-block-cover__background has-background-dim-30 has-background-dim\"><\/span><img loading=\"lazy\" width=\"1024\" height=\"275\" class=\"wp-block-cover__image-background wp-image-637\" alt=\"\" src=\"https:\/\/anniehack.de\/wp-content\/uploads\/2024\/02\/AdobeStock_294015622-1024x275.jpeg\" data-object-fit=\"cover\" srcset=\"https:\/\/anniehack.de\/wp-content\/uploads\/2024\/02\/AdobeStock_294015622-1024x275.jpeg 1024w, https:\/\/anniehack.de\/wp-content\/uploads\/2024\/02\/AdobeStock_294015622-300x81.jpeg 300w, https:\/\/anniehack.de\/wp-content\/uploads\/2024\/02\/AdobeStock_294015622-768x207.jpeg 768w, https:\/\/anniehack.de\/wp-content\/uploads\/2024\/02\/AdobeStock_294015622-1536x413.jpeg 1536w, https:\/\/anniehack.de\/wp-content\/uploads\/2024\/02\/AdobeStock_294015622-2048x551.jpeg 2048w\" sizes=\"(max-width: 1024px) 100vw, 1024px\" \/><div class=\"wp-block-cover__inner-container\">\n<h2 class=\"has-text-align-center has-white-color has-text-color has-x-large-font-size\" style=\"font-style:normal;font-weight:600\">Gruppen<\/h2>\n<\/div><\/div>\n\n\n\n<p class=\"has-text-align-center\" style=\"font-size:25px\"><strong>Ort: Sperberstrasse 33, 86343 K\u00f6nigsbrunn<\/strong><br><span style=\"font-size: 16px; color: initial;\">Teilnahme nur mit Voranmeldung an praxis@anniehack.de. Bitte beschreibe kurz deine Situation.<\/span> <br><span style=\"font-size: 16px; color: initial;\">Maximale Teilnehmeranzahl: 8 Personen. <\/span><\/p>\n\n\n\n<hr class=\"wp-block-separator has-alpha-channel-opacity is-style-dots\"\/>\n\n\n\n<h2 class=\"has-text-align-center\" style=\"font-size:23px\">Was du erwarten kannst:<\/h2>\n\n\n\n<p class=\"has-text-align-center\">Schweigepflicht f\u00fcr alle Anwesende<br>Wertsch\u00e4tzende Begleitung<br>Sicherer Rahmen f\u00fcr das Mitteilen von eigenen Geschichten und Gef\u00fchlen<br>Erleben, dass andere \u00e4hnliche Herausforderungen durchmachen<br>Unterst\u00fctzendes Miteinander<br>Hilfreiche R\u00fcckmeldungen und Anregungen von Teilnehmern<br>Informationen zu den St\u00f6rungsbildern<br>\u00dcbungen und Anregungen zur Unterst\u00fctzung von Heilungsprozessen<br>Evtl auch Psycho-Edukative Vortr\u00e4ge<\/p>\n\n\n\n<hr class=\"wp-block-separator has-alpha-channel-opacity is-style-dots\"\/>\n\n\n\n<h2 class=\"has-text-align-center\" style=\"font-size:26px\"><strong>Selbsthilfegruppe f\u00fcr Angeh\u00f6rige von Erwachsenen Betroffenen von Narzisstischen und Borderline St\u00f6rungsbildern<\/strong><\/h2>\n\n\n\n<div class=\"wp-block-media-text alignwide is-stacked-on-mobile\" style=\"grid-template-columns:47% auto\"><figure class=\"wp-block-media-text__media\"><img loading=\"lazy\" width=\"724\" height=\"1024\" src=\"https:\/\/anniehack.de\/wp-content\/uploads\/2024\/03\/Selbsthilfegruppe_NPS_BPS_April-724x1024.png\" alt=\"\" class=\"wp-image-678 size-full\" srcset=\"https:\/\/anniehack.de\/wp-content\/uploads\/2024\/03\/Selbsthilfegruppe_NPS_BPS_April-724x1024.png 724w, https:\/\/anniehack.de\/wp-content\/uploads\/2024\/03\/Selbsthilfegruppe_NPS_BPS_April-212x300.png 212w, https:\/\/anniehack.de\/wp-content\/uploads\/2024\/03\/Selbsthilfegruppe_NPS_BPS_April-768x1086.png 768w, https:\/\/anniehack.de\/wp-content\/uploads\/2024\/03\/Selbsthilfegruppe_NPS_BPS_April-1086x1536.png 1086w, https:\/\/anniehack.de\/wp-content\/uploads\/2024\/03\/Selbsthilfegruppe_NPS_BPS_April.png 1414w\" sizes=\"(max-width: 724px) 100vw, 724px\" \/><\/figure><div class=\"wp-block-media-text__content\">\n<ul style=\"font-size:2px\"><li><\/li><\/ul>\n\n\n\n<h2 style=\"font-size:23px\"> <\/h2>\n\n\n\n<p>Das Durchleben, (falls notwendig) sich befreien von und die Heilungsprozesse w\u00e4hrend und nach einer Beziehung mit jemanden mit diesen Eigenschaften, kann sehr herausfordernd sein. Hier lernst du andere betroffene Angeh\u00f6rige kennen, und f\u00fchlst dich mit deinen Erfahrungen nicht mehr so allein. Vielleicht bekommst du die Chance f\u00fcr ein Realit\u00e4tscheck. Manchmal reicht auch einfach ein offenes Ohr.<\/p>\n\n\n\n<p>Unkostenbeitrag: 5 &#8211; 15 \u20ac Selbsteinsch\u00e4tzung pro Person pro Treffen.<\/p>\n<\/div><\/div>\n\n\n\n<hr class=\"wp-block-separator has-alpha-channel-opacity is-style-dots\"\/>\n\n\n\n<p class=\"has-text-align-center\" style=\"font-size:26px\"><strong>Selbsterfahrungs- und \u00dcbungsgruppe<\/strong> <strong>f\u00fcr<\/strong><br><strong>Bindungsarbeit<\/strong><br><\/p>\n\n\n\n<div class=\"wp-block-media-text alignwide is-stacked-on-mobile\"><figure class=\"wp-block-media-text__media\"><img loading=\"lazy\" width=\"724\" height=\"1024\" src=\"https:\/\/anniehack.de\/wp-content\/uploads\/2024\/03\/Bindungsgruppe-724x1024.png\" alt=\"\" class=\"wp-image-684 size-full\" srcset=\"https:\/\/anniehack.de\/wp-content\/uploads\/2024\/03\/Bindungsgruppe-724x1024.png 724w, https:\/\/anniehack.de\/wp-content\/uploads\/2024\/03\/Bindungsgruppe-212x300.png 212w, https:\/\/anniehack.de\/wp-content\/uploads\/2024\/03\/Bindungsgruppe-768x1086.png 768w, https:\/\/anniehack.de\/wp-content\/uploads\/2024\/03\/Bindungsgruppe-1086x1536.png 1086w, https:\/\/anniehack.de\/wp-content\/uploads\/2024\/03\/Bindungsgruppe.png 1414w\" sizes=\"(max-width: 724px) 100vw, 724px\" \/><\/figure><div class=\"wp-block-media-text__content\">\n<p>Durch das &#8222;Experimentieren&#8220; mit &#8222;N\u00e4he und Distanz&#8220; wir lernen und \u00fcben im sicheren Rahmen und jeder nach seinem Tempo, mit anderen Menschen in Verbindung zu gehen. Wir achten hier besonders dabei auf das, was uns unsere K\u00f6rper (bzw Nervensysteme) zu sagen haben. Diese Signale sind wichtig zu erkennen und zu verstehen, um in Beziehungen jeder Art f\u00fcr uns gut sorgen zu k\u00f6nnen und entsprechend auch im gesunden Ma\u00df uns zu engangieren.<\/p>\n\n\n\n<p>Teilnehmeranzahl: 4 bis 6 Personen<br><em>Honorar nach Selbsteinsch\u00e4tzung:<\/em><br>20 &#8211; 35 \u20ac pro Person pro Treffen.<\/p>\n<\/div><\/div>\n","protected":false},"excerpt":{"rendered":"<p>Ort: Sperberstrasse 33, 86343 K\u00f6nigsbrunnTeilnahme nur mit Voranmeldung an praxis@anniehack.de. Bitte beschreibe kurz deine Situation. Maximale Teilnehmeranzahl: 8 Personen. Was&hellip;<\/p>\n","protected":false},"author":1,"featured_media":0,"parent":0,"menu_order":0,"comment_status":"closed","ping_status":"closed","template":"","meta":[],"_links":{"self":[{"href":"https:\/\/anniehack.de\/startseite-neu\/wp-json\/wp\/v2\/pages\/635"}],"collection":[{"href":"https:\/\/anniehack.de\/startseite-neu\/wp-json\/wp\/v2\/pages"}],"about":[{"href":"https:\/\/anniehack.de\/startseite-neu\/wp-json\/wp\/v2\/types\/page"}],"author":[{"embeddable":true,"href":"https:\/\/anniehack.de\/startseite-neu\/wp-json\/wp\/v2\/users\/1"}],"replies":[{"embeddable":true,"href":"https:\/\/anniehack.de\/startseite-neu\/wp-json\/wp\/v2\/comments?post=635"}],"version-history":[{"count":18,"href":"https:\/\/anniehack.de\/startseite-neu\/wp-json\/wp\/v2\/pages\/635\/revisions"}],"predecessor-version":[{"id":686,"href":"https:\/\/anniehack.de\/startseite-neu\/wp-json\/wp\/v2\/pages\/635\/revisions\/686"}],"wp:attachment":[{"href":"https:\/\/anniehack.de\/startseite-neu\/wp-json\/wp\/v2\/media?parent=635"}],"curies":[{"name":"wp","href":"https:\/\/api.w.org\/{rel}","templated":true}]}}